{"id":1368,"date":"2018-03-27T00:11:51","date_gmt":"2018-03-27T00:11:51","guid":{"rendered":"https:\/\/harveycp.com\/?post_type=product&#038;p=1368"},"modified":"2021-11-16T15:55:06","modified_gmt":"2021-11-16T15:55:06","slug":"ei-l-au-cunoscut-pe-dumnezeul-lor-vol-3","status":"publish","type":"product","link":"https:\/\/harveycp.com\/?product=ei-l-au-cunoscut-pe-dumnezeul-lor-vol-3","title":{"rendered":"Ei l-au cunoscut pe Dumnezeul lor vol. 3"},"content":{"rendered":"<p style=\"font-weight: 400;\">La fel ca predecesorii lor, eroii acestui al treilea volum L-au conoscut realmente pe Dumnezeu: I-au gustat dragostea \u015fi bun\u0103tatea, I-au testat puterea \u015fi credincio\u015fia, \u015fi-au \u00eensu\u015fit\u00a0<em>\u201ef\u0103g\u0103duin\u0163ele Lui nespus de mari \u015fi scumpe\u201c<\/em>.\u00a0 O cunoa\u015ftere care este \u00eens\u0103\u015fi via\u0163a ve\u015fnic\u0103 (Ioan 17.3).<\/p>\n<p>&nbsp;<\/p>\n<p style=\"font-weight: 400;\">\n","protected":false},"excerpt":{"rendered":"<p>La fel ca predecesorii lor, eroii acestui al treilea volum L-au conoscut realmente pe Dumnezeu: I-au gustat dragostea \u015fi bun\u0103tatea, I-au testat puterea \u015fi credincio\u015fia, \u015fi-au \u00eensu\u015fit\u00a0\u201ef\u0103g\u0103duin\u0163ele Lui nespus de mari \u015fi scumpe\u201c.\u00a0 O cunoa\u015ftere care este \u00eens\u0103\u015fi via\u0163a ve\u015fnic\u0103 (Ioan 17.3). &nbsp;<\/p>\n","protected":false},"featured_media":1369,"comment_status":"open","ping_status":"closed","template":"","meta":{"jetpack_post_was_ever_published":false,"jetpack_publicize_message":"","jetpack_publicize_feature_enabled":true,"jetpack_social_post_already_shared":false,"jetpack_social_options":{"image_generator_settings":{"template":"highway","default_image_id":0,"font":"","enabled":false},"version":2}},"product_brand":[],"product_cat":[15,54],"product_tag":[677],"class_list":{"0":"post-1368","1":"product","2":"type-product","3":"status-publish","4":"has-post-thumbnail","6":"product_cat-all_books","7":"product_cat-romanian","8":"product_tag-ei-l-au-cunoscut-pe-dumnezeul-lor-vol-3","9":"pa_bookauthor-edwin-f-harvey-2","10":"pa_cover-type-paperback","11":"pa_discount-code-1-own-production","12":"pa_isbn-973-97567-1-9","13":"pa_number-of-pages-129","15":"first","16":"instock","17":"taxable","18":"shipping-taxable","19":"purchasable","20":"product-type-simple"},"jetpack_publicize_connections":[],"jetpack_sharing_enabled":true,"_links":{"self":[{"href":"https:\/\/harveycp.com\/index.php?rest_route=\/wp\/v2\/product\/1368","targetHints":{"allow":["GET"]}}],"collection":[{"href":"https:\/\/harveycp.com\/index.php?rest_route=\/wp\/v2\/product"}],"about":[{"href":"https:\/\/harveycp.com\/index.php?rest_route=\/wp\/v2\/types\/product"}],"replies":[{"embeddable":true,"href":"https:\/\/harveycp.com\/index.php?rest_route=%2Fwp%2Fv2%2Fcomments&post=1368"}],"wp:featuredmedia":[{"embeddable":true,"href":"https:\/\/harveycp.com\/index.php?rest_route=\/wp\/v2\/media\/1369"}],"wp:attachment":[{"href":"https:\/\/harveycp.com\/index.php?rest_route=%2Fwp%2Fv2%2Fmedia&parent=1368"}],"wp:term":[{"taxonomy":"product_brand","embeddable":true,"href":"https:\/\/harveycp.com\/index.php?rest_route=%2Fwp%2Fv2%2Fproduct_brand&post=1368"},{"taxonomy":"product_cat","embeddable":true,"href":"https:\/\/harveycp.com\/index.php?rest_route=%2Fwp%2Fv2%2Fproduct_cat&post=1368"},{"taxonomy":"product_tag","embeddable":true,"href":"https:\/\/harveycp.com\/index.php?rest_route=%2Fwp%2Fv2%2Fproduct_tag&post=1368"}],"curies":[{"name":"wp","href":"https:\/\/api.w.org\/{rel}","templated":true}]}}