{"id":1360,"date":"2018-03-26T23:03:22","date_gmt":"2018-03-26T23:03:22","guid":{"rendered":"https:\/\/harveycp.com\/?post_type=product&#038;p=1360"},"modified":"2021-11-16T15:58:29","modified_gmt":"2021-11-16T15:58:29","slug":"dincolo-de-cortina-de-catifea","status":"publish","type":"product","link":"https:\/\/harveycp.com\/?product=dincolo-de-cortina-de-catifea","title":{"rendered":"Dincolo de cortina de catifea"},"content":{"rendered":"<p>Volumul de fa\u0163\u0103, compus de Trudy Harvey Tait, continuare a c\u0103r\u0163ii &#8220;Cortina de catifea&#8221;, duce mai departe povestea lui Estera \u015fi Gabi, cele dou\u0103 rom\u00e2nce care, \u00een \u00eencercarea de a sc\u0103pa de Cortina de Fier, se trezesc prinse \u00een la\u0163ul altei cortine. Estera ia m\u0103suri drastice pentru a sta departe de Cortina de catifea, \u00een vreme ce Gabi \u00eei neag\u0103 \u00eens\u0103\u015fi existen\u0163a, numind-o \u00een schimb &#8220;Visul American&#8221;.<\/p>\n<p>Cu toate acestea, \u00een spatele acestei cortine \u00eenv\u0103luitoare, cele dou\u0103 fete \u015fi prietenii lor, Len \u015fi Ron Atwood, descoper\u0103 faptul c\u0103 Dumnezeu poate transforma o tragedie \u00eentr-o victorie. Povestea va lua \u00eentors\u0103turi nea\u015fteptate, pe m\u0103sur\u0103 ce harul S\u0103u va p\u0103trunde, transform\u00e2nd \u015fi schimb\u00e2nd direc\u0163ia vie\u0163ii unor oameni nedes\u0103v\u00e2r\u015fi\u0163i \u015fi supu\u015fi gre\u015felii.<\/p>\n","protected":false},"excerpt":{"rendered":"<p>Volumul de fa\u0163\u0103, compus de Trudy Harvey Tait, continuare a c\u0103r\u0163ii &#8220;Cortina de catifea&#8221;, duce mai departe povestea lui Estera \u015fi Gabi, cele dou\u0103 rom\u00e2nce care, \u00een \u00eencercarea de a sc\u0103pa de Cortina de Fier, se trezesc prinse \u00een la\u0163ul altei cortine. Estera ia m\u0103suri drastice pentru a sta departe de Cortina de catifea, \u00een [&hellip;]<\/p>\n","protected":false},"featured_media":1361,"comment_status":"open","ping_status":"closed","template":"","meta":{"jetpack_post_was_ever_published":false,"jetpack_publicize_message":"","jetpack_publicize_feature_enabled":true,"jetpack_social_post_already_shared":false,"jetpack_social_options":{"image_generator_settings":{"template":"highway","default_image_id":0,"font":"","enabled":false},"version":2}},"product_brand":[],"product_cat":[15,54],"product_tag":[1190,1191,1192,672,1189,1150,1102,1188,1181],"class_list":{"0":"post-1360","1":"product","2":"type-product","3":"status-publish","4":"has-post-thumbnail","6":"product_cat-all_books","7":"product_cat-romanian","8":"product_tag-accident","9":"product_tag-credinciosia","10":"product_tag-crestinismul-adevarat","11":"product_tag-dincolo-de-cortina-de-catifea","12":"product_tag-incercari","13":"product_tag-invalid","14":"product_tag-romania","15":"product_tag-un-roman-crestin","16":"product_tag-vointa-lui-dumnezeu","17":"pa_bookauthor-trudy-harvey-tait","18":"pa_cover-type-paperback","19":"pa_discount-code-1-own-production","20":"pa_isbn-978-973-7738","21":"pa_number-of-pages-671","23":"first","24":"instock","25":"taxable","26":"shipping-taxable","27":"purchasable","28":"product-type-simple"},"jetpack_publicize_connections":[],"jetpack_sharing_enabled":true,"_links":{"self":[{"href":"https:\/\/harveycp.com\/index.php?rest_route=\/wp\/v2\/product\/1360","targetHints":{"allow":["GET"]}}],"collection":[{"href":"https:\/\/harveycp.com\/index.php?rest_route=\/wp\/v2\/product"}],"about":[{"href":"https:\/\/harveycp.com\/index.php?rest_route=\/wp\/v2\/types\/product"}],"replies":[{"embeddable":true,"href":"https:\/\/harveycp.com\/index.php?rest_route=%2Fwp%2Fv2%2Fcomments&post=1360"}],"wp:featuredmedia":[{"embeddable":true,"href":"https:\/\/harveycp.com\/index.php?rest_route=\/wp\/v2\/media\/1361"}],"wp:attachment":[{"href":"https:\/\/harveycp.com\/index.php?rest_route=%2Fwp%2Fv2%2Fmedia&parent=1360"}],"wp:term":[{"taxonomy":"product_brand","embeddable":true,"href":"https:\/\/harveycp.com\/index.php?rest_route=%2Fwp%2Fv2%2Fproduct_brand&post=1360"},{"taxonomy":"product_cat","embeddable":true,"href":"https:\/\/harveycp.com\/index.php?rest_route=%2Fwp%2Fv2%2Fproduct_cat&post=1360"},{"taxonomy":"product_tag","embeddable":true,"href":"https:\/\/harveycp.com\/index.php?rest_route=%2Fwp%2Fv2%2Fproduct_tag&post=1360"}],"curies":[{"name":"wp","href":"https:\/\/api.w.org\/{rel}","templated":true}]}}