{"id":1354,"date":"2018-03-26T22:32:43","date_gmt":"2018-03-26T22:32:43","guid":{"rendered":"https:\/\/harveycp.com\/?post_type=product&#038;p=1354"},"modified":"2021-11-16T15:59:53","modified_gmt":"2021-11-16T15:59:53","slug":"cum-s-au-rugat-ei-vol-1","status":"publish","type":"product","link":"https:\/\/harveycp.com\/?product=cum-s-au-rugat-ei-vol-1","title":{"rendered":"Cum s-au rugat ei vol. 1"},"content":{"rendered":"<p>Aceast\u0103 carte explic\u0103 modul \u00een care p\u0103rin\u021bii s-au rugat pentru copiii lor, copiii pentru p\u0103rin\u021bii lor \u0219i cum so\u021bii \u0219i so\u021biile s-au rugat unul pentru cel\u0103lalt.<\/p>\n<p>Autori: Edwin F. &amp; Lillian G. Harvey<\/p>\n","protected":false},"excerpt":{"rendered":"<p>Aceast\u0103 carte explic\u0103 modul \u00een care p\u0103rin\u021bii s-au rugat pentru copiii lor, copiii pentru p\u0103rin\u021bii lor \u0219i cum so\u021bii \u0219i so\u021biile s-au rugat unul pentru cel\u0103lalt. Autori: Edwin F. &amp; Lillian G. Harvey<\/p>\n","protected":false},"featured_media":1355,"comment_status":"open","ping_status":"closed","template":"","meta":{"jetpack_post_was_ever_published":false,"jetpack_publicize_message":"","jetpack_publicize_feature_enabled":true,"jetpack_social_post_already_shared":false,"jetpack_social_options":{"image_generator_settings":{"template":"highway","default_image_id":0,"font":"","enabled":false},"version":2}},"product_brand":[],"product_cat":[15,54],"product_tag":[1200,667,1196,1201,1162],"class_list":{"0":"post-1354","1":"product","2":"type-product","3":"status-publish","4":"has-post-thumbnail","6":"product_cat-all_books","7":"product_cat-romanian","8":"product_tag-credinciosia-in-rugaciune","9":"product_tag-cum-s-au-rugat-ei-vol-1","10":"product_tag-duhul-sfant","11":"product_tag-relatiile-de-familie","12":"product_tag-rugaciunea-in-familie","13":"pa_bookauthor-edwin-f-harvey-2","14":"pa_cover-type-paperback","15":"pa_discount-code-1-own-production","16":"pa_isbn-978-973-7738","17":"pa_number-of-pages-666","19":"first","20":"instock","21":"taxable","22":"shipping-taxable","23":"purchasable","24":"product-type-simple"},"jetpack_publicize_connections":[],"jetpack_sharing_enabled":true,"_links":{"self":[{"href":"https:\/\/harveycp.com\/index.php?rest_route=\/wp\/v2\/product\/1354","targetHints":{"allow":["GET"]}}],"collection":[{"href":"https:\/\/harveycp.com\/index.php?rest_route=\/wp\/v2\/product"}],"about":[{"href":"https:\/\/harveycp.com\/index.php?rest_route=\/wp\/v2\/types\/product"}],"replies":[{"embeddable":true,"href":"https:\/\/harveycp.com\/index.php?rest_route=%2Fwp%2Fv2%2Fcomments&post=1354"}],"wp:featuredmedia":[{"embeddable":true,"href":"https:\/\/harveycp.com\/index.php?rest_route=\/wp\/v2\/media\/1355"}],"wp:attachment":[{"href":"https:\/\/harveycp.com\/index.php?rest_route=%2Fwp%2Fv2%2Fmedia&parent=1354"}],"wp:term":[{"taxonomy":"product_brand","embeddable":true,"href":"https:\/\/harveycp.com\/index.php?rest_route=%2Fwp%2Fv2%2Fproduct_brand&post=1354"},{"taxonomy":"product_cat","embeddable":true,"href":"https:\/\/harveycp.com\/index.php?rest_route=%2Fwp%2Fv2%2Fproduct_cat&post=1354"},{"taxonomy":"product_tag","embeddable":true,"href":"https:\/\/harveycp.com\/index.php?rest_route=%2Fwp%2Fv2%2Fproduct_tag&post=1354"}],"curies":[{"name":"wp","href":"https:\/\/api.w.org\/{rel}","templated":true}]}}