{"id":1350,"date":"2018-03-26T22:21:44","date_gmt":"2018-03-26T22:21:44","guid":{"rendered":"https:\/\/harveycp.com\/?post_type=product&#038;p=1350"},"modified":"2021-11-16T16:00:14","modified_gmt":"2021-11-16T16:00:14","slug":"chemarea-tatalui-ceresc","status":"publish","type":"product","link":"https:\/\/harveycp.com\/?product=chemarea-tatalui-ceresc","title":{"rendered":"Chemarea Tatalui Ceresc"},"content":{"rendered":"<p>Aceast\u0103 carte arat\u0103\u00a0modul \u00een care Dumnezeu poate vorbi direct copiilor, chem\u00e2ndu-i la Sine. Se spune despre felul \u00een care at\u00e2t de cunoscu\u021bi cre\u0219tini precum C H. Spurgeon, Adam Clarke, Samuel Chadwick, \u015fi Ida Scudder au auzit un glas ceresc, au \u00een\u0163eles chemarea divin\u0103 \u015fi au fost gata s\u0103 i se conformeze.<\/p>\n<p>Autori: Lillian G. Harvey &amp; Trudy Harvey Tait<\/p>\n","protected":false},"excerpt":{"rendered":"<p>Aceast\u0103 carte arat\u0103\u00a0modul \u00een care Dumnezeu poate vorbi direct copiilor, chem\u00e2ndu-i la Sine. Se spune despre felul \u00een care at\u00e2t de cunoscu\u021bi cre\u0219tini precum C H. Spurgeon, Adam Clarke, Samuel Chadwick, \u015fi Ida Scudder au auzit un glas ceresc, au \u00een\u0163eles chemarea divin\u0103 \u015fi au fost gata s\u0103 i se conformeze. Autori: Lillian G. Harvey [&hellip;]<\/p>\n","protected":false},"featured_media":1351,"comment_status":"open","ping_status":"closed","template":"","meta":{"jetpack_post_was_ever_published":false,"jetpack_publicize_message":"","jetpack_publicize_feature_enabled":true,"jetpack_social_post_already_shared":false,"jetpack_social_options":{"image_generator_settings":{"template":"highway","default_image_id":0,"font":"","enabled":false},"version":2}},"product_brand":[],"product_cat":[15,54],"product_tag":[1204,1203,1202,1176,796],"class_list":{"0":"post-1350","1":"product","2":"type-product","3":"status-publish","4":"has-post-thumbnail","6":"product_cat-all_books","7":"product_cat-romanian","8":"product_tag-ascultarea","9":"product_tag-chemarea-lui-dumnezeu","10":"product_tag-dumnezeu-vorbind-cu-copiii","11":"product_tag-planul-lui-dumnezeu","12":"product_tag-spurgeon","13":"pa_bookauthor-edwin-f-harvey-2","14":"pa_cover-type-paperback","15":"pa_discount-code-1-own-production","16":"pa_isbn-978-973-7738","17":"pa_number-of-pages-178","19":"first","20":"instock","21":"taxable","22":"shipping-taxable","23":"purchasable","24":"product-type-simple"},"jetpack_publicize_connections":[],"jetpack_sharing_enabled":true,"_links":{"self":[{"href":"https:\/\/harveycp.com\/index.php?rest_route=\/wp\/v2\/product\/1350","targetHints":{"allow":["GET"]}}],"collection":[{"href":"https:\/\/harveycp.com\/index.php?rest_route=\/wp\/v2\/product"}],"about":[{"href":"https:\/\/harveycp.com\/index.php?rest_route=\/wp\/v2\/types\/product"}],"replies":[{"embeddable":true,"href":"https:\/\/harveycp.com\/index.php?rest_route=%2Fwp%2Fv2%2Fcomments&post=1350"}],"wp:featuredmedia":[{"embeddable":true,"href":"https:\/\/harveycp.com\/index.php?rest_route=\/wp\/v2\/media\/1351"}],"wp:attachment":[{"href":"https:\/\/harveycp.com\/index.php?rest_route=%2Fwp%2Fv2%2Fmedia&parent=1350"}],"wp:term":[{"taxonomy":"product_brand","embeddable":true,"href":"https:\/\/harveycp.com\/index.php?rest_route=%2Fwp%2Fv2%2Fproduct_brand&post=1350"},{"taxonomy":"product_cat","embeddable":true,"href":"https:\/\/harveycp.com\/index.php?rest_route=%2Fwp%2Fv2%2Fproduct_cat&post=1350"},{"taxonomy":"product_tag","embeddable":true,"href":"https:\/\/harveycp.com\/index.php?rest_route=%2Fwp%2Fv2%2Fproduct_tag&post=1350"}],"curies":[{"name":"wp","href":"https:\/\/api.w.org\/{rel}","templated":true}]}}