{"id":1346,"date":"2018-03-26T22:03:15","date_gmt":"2018-03-26T22:03:15","guid":{"rendered":"https:\/\/harveycp.com\/?post_type=product&#038;p=1346"},"modified":"2024-09-27T19:06:24","modified_gmt":"2024-09-27T19:06:24","slug":"pidiendole-al-padre","status":"publish","type":"product","link":"https:\/\/harveycp.com\/?product=pidiendole-al-padre","title":{"rendered":"Pidi\u00e9ndole al Padre"},"content":{"rendered":"<p>Historias verdaderas sobre respuestas a la oraci\u00f3n, escritas especialmente para ni\u00f1os.<\/p>\n<p>Autores: Lillian G. Harvey &amp; Trudy Harvey Tait<\/p>\n","protected":false},"excerpt":{"rendered":"<p>&nbsp;<\/p>\n<p>&nbsp;<\/p>\n","protected":false},"featured_media":1347,"comment_status":"open","ping_status":"closed","template":"","meta":{"jetpack_post_was_ever_published":false,"jetpack_publicize_message":"","jetpack_publicize_feature_enabled":true,"jetpack_social_post_already_shared":false,"jetpack_social_options":{"image_generator_settings":{"template":"highway","default_image_id":0,"font":"","enabled":false},"version":2}},"product_brand":[],"product_cat":[15,53],"product_tag":[1208,1210,1205,1209,1207,659,1206],"class_list":{"0":"post-1346","1":"product","2":"type-product","3":"status-publish","4":"has-post-thumbnail","6":"product_cat-all_books","7":"product_cat-spanish","8":"product_tag-animales","9":"product_tag-familia","10":"product_tag-historias-verdaderas","11":"product_tag-misioneros","12":"product_tag-ninos","13":"product_tag-pidiendole-al-padre","14":"product_tag-respuestas-a-la-oracion","15":"pa_bookauthor-lillian-g-harvey","16":"pa_cover-type-paperback","17":"pa_discount-code-1-own-production","18":"pa_isbn-658","19":"pa_number-of-pages-99","21":"first","22":"instock","23":"taxable","24":"shipping-taxable","25":"purchasable","26":"product-type-simple"},"jetpack_publicize_connections":[],"jetpack_sharing_enabled":true,"_links":{"self":[{"href":"https:\/\/harveycp.com\/index.php?rest_route=\/wp\/v2\/product\/1346","targetHints":{"allow":["GET"]}}],"collection":[{"href":"https:\/\/harveycp.com\/index.php?rest_route=\/wp\/v2\/product"}],"about":[{"href":"https:\/\/harveycp.com\/index.php?rest_route=\/wp\/v2\/types\/product"}],"replies":[{"embeddable":true,"href":"https:\/\/harveycp.com\/index.php?rest_route=%2Fwp%2Fv2%2Fcomments&post=1346"}],"wp:featuredmedia":[{"embeddable":true,"href":"https:\/\/harveycp.com\/index.php?rest_route=\/wp\/v2\/media\/1347"}],"wp:attachment":[{"href":"https:\/\/harveycp.com\/index.php?rest_route=%2Fwp%2Fv2%2Fmedia&parent=1346"}],"wp:term":[{"taxonomy":"product_brand","embeddable":true,"href":"https:\/\/harveycp.com\/index.php?rest_route=%2Fwp%2Fv2%2Fproduct_brand&post=1346"},{"taxonomy":"product_cat","embeddable":true,"href":"https:\/\/harveycp.com\/index.php?rest_route=%2Fwp%2Fv2%2Fproduct_cat&post=1346"},{"taxonomy":"product_tag","embeddable":true,"href":"https:\/\/harveycp.com\/index.php?rest_route=%2Fwp%2Fv2%2Fproduct_tag&post=1346"}],"curies":[{"name":"wp","href":"https:\/\/api.w.org\/{rel}","templated":true}]}}