{"id":1343,"date":"2018-03-26T21:54:43","date_gmt":"2018-03-26T21:54:43","guid":{"rendered":"https:\/\/harveycp.com\/?post_type=product&#038;p=1343"},"modified":"2025-09-08T14:12:06","modified_gmt":"2025-09-08T14:12:06","slug":"la-insignia-real","status":"publish","type":"product","link":"https:\/\/harveycp.com\/?product=la-insignia-real","title":{"rendered":"La Insignia Real"},"content":{"rendered":"<p>Este libro incluye noventa y ocho lecturas de dos p\u00e1ginas sobre el tema de humildad, un tema que a menudo no es bien comprendido. Es una compilaci\u00f3n de testimonios de casi doscientos hombres y mujeres piadosos que describen los peligros del orgullo y la necesidad de depender de Dios. Lea c\u00f3mo otras personas, al hacer este viaje de descenso, descubrieron las alas para volar a los lugares celestiales con Cristo Jes\u00fas. Incluye un \u00edndice de autores y textos b\u00edblicos. Algunos t\u00edtulos son: &#8220;Devuelva la Gloria a Dios,&#8221; &#8220;Admita Su Talla,&#8221; &#8220;Tome el Lugar M\u00e1s Bajo,&#8221; &#8220;Demasiado Grande Para Ser Peque\u00f1om,&#8221; &#8220;La Necesidad Determina la Provisi\u00f3n.&#8221; Su biblioteca est\u00e1 incompleta sin este libro!<\/p>\n<p>Autores: Edwin F. &amp; Lillian G. Harvey<\/p>\n","protected":false},"excerpt":{"rendered":"<p><span style=\"color: #999999\"><em><strong>Amazon link:<\/strong>\u00a0<\/em><\/span><em><a href=\"http:\/\/harveycp.com\/wp-content\/uploads\/2018\/03\/La-Insignia-Real_Sample-pages.pdf\">La Insignia Real_Sample pages<\/a><\/em><\/p>\n<p>&nbsp;<\/p>\n","protected":false},"featured_media":1344,"comment_status":"open","ping_status":"closed","template":"","meta":{"jetpack_publicize_message":"","jetpack_publicize_feature_enabled":true,"jetpack_social_post_already_shared":false,"jetpack_social_options":{"image_generator_settings":{"template":"highway","default_image_id":0,"font":"","enabled":false},"version":2}},"product_brand":[],"product_cat":[15,53],"product_tag":[1213,1214,1211,657,1212],"class_list":{"0":"post-1343","1":"product","2":"type-product","3":"status-publish","4":"has-post-thumbnail","6":"product_cat-all_books","7":"product_cat-spanish","8":"product_tag-la-devocion","9":"product_tag-la-exaltacion","10":"product_tag-la-humildad","11":"product_tag-la-insignia-real","12":"product_tag-la-renuncia","13":"pa_bookauthor-edwin-f-harvey-2","14":"pa_cover-type-paperback","15":"pa_discount-code-1-own-production","16":"pa_number-of-pages-655","18":"first","19":"instock","20":"taxable","21":"shipping-taxable","22":"purchasable","23":"product-type-simple"},"jetpack_publicize_connections":[],"jetpack_sharing_enabled":true,"_links":{"self":[{"href":"https:\/\/harveycp.com\/index.php?rest_route=\/wp\/v2\/product\/1343","targetHints":{"allow":["GET"]}}],"collection":[{"href":"https:\/\/harveycp.com\/index.php?rest_route=\/wp\/v2\/product"}],"about":[{"href":"https:\/\/harveycp.com\/index.php?rest_route=\/wp\/v2\/types\/product"}],"replies":[{"embeddable":true,"href":"https:\/\/harveycp.com\/index.php?rest_route=%2Fwp%2Fv2%2Fcomments&post=1343"}],"wp:featuredmedia":[{"embeddable":true,"href":"https:\/\/harveycp.com\/index.php?rest_route=\/wp\/v2\/media\/1344"}],"wp:attachment":[{"href":"https:\/\/harveycp.com\/index.php?rest_route=%2Fwp%2Fv2%2Fmedia&parent=1343"}],"wp:term":[{"taxonomy":"product_brand","embeddable":true,"href":"https:\/\/harveycp.com\/index.php?rest_route=%2Fwp%2Fv2%2Fproduct_brand&post=1343"},{"taxonomy":"product_cat","embeddable":true,"href":"https:\/\/harveycp.com\/index.php?rest_route=%2Fwp%2Fv2%2Fproduct_cat&post=1343"},{"taxonomy":"product_tag","embeddable":true,"href":"https:\/\/harveycp.com\/index.php?rest_route=%2Fwp%2Fv2%2Fproduct_tag&post=1343"}],"curies":[{"name":"wp","href":"https:\/\/api.w.org\/{rel}","templated":true}]}}