{"id":1341,"date":"2018-05-07T21:48:19","date_gmt":"2018-05-07T21:48:19","guid":{"rendered":"https:\/\/harveycp.com\/?post_type=product&#038;p=1341"},"modified":"2024-01-05T21:29:07","modified_gmt":"2024-01-05T21:29:07","slug":"ellos-conocieron-a-su-dios-vol-6","status":"publish","type":"product","link":"https:\/\/harveycp.com\/?product=ellos-conocieron-a-su-dios-vol-6","title":{"rendered":"Ellos Conocieron a Su Dios Vol. 6"},"content":{"rendered":"<p>Prefacio de los autores<\/p>\n<p style=\"font-weight: 400;\">Hemos agregado este libro a los cinco vol\u00famenes previos de la serie\u00a0<em>Ellos Conocieron a su Dios,\u00a0<\/em>esperando que nuestra investigaci\u00f3n provea a la generaci\u00f3n actual un conocimiento de la tremenda herencia que hemos recibido de santos de tiempos pasados y presentes. Los bosquejos en este volumen no est\u00e1n en orden cronol\u00f3gico como en los anteriores. Algunos bosquejos son mucho m\u00e1s cortos que otros, por lo que hemos tratado de alternarlos para hacer la lectura m\u00e1s amena. . . .<\/p>\n<p>Mucha oraci\u00f3n ha acompa\u00f1ado nuestra investigaci\u00f3n sobre estos gigantes de la fe poco conocidos\u2014personas que hicieron proezas porque &#8220;conocieron a su Dios&#8221;. Una devoci\u00f3n tal como la que vemos en sus vidas, acarrea verg\u00fcenza a nuestra superficialidad y fracaso al no poder hacer un espacio para Dios en medio del ajetreado barullo materialista que solo busca elevar los est\u00e1ndares materiales de vida. . . . Nuestros ideales son tan pobres, nuestro celo tan tibio, y nuestra provisi\u00f3n de gracia tan lastimosamente peque\u00f1a, que necesitamos conocer a los grandes santos que nos recuerdan que tambi\u00e9n nosotros podemos hacer de nuestra vida algo sublime. Para que de esa manera, cuando partamos de esta vida podamos dejar pisadas en la arena del tiempo atr\u00e1s de nosotros, como escribi\u00f3 Longfellow:<\/p>\n<p style=\"font-weight: 400;\"><em>Pisadas que quiz\u00e1s otro<br \/>\nNavegando sobre la solemne guedeja de la vida,<br \/>\nAlg\u00fan desesperado y naufragado hermano<br \/>\nAl mirarlas pueda recibir nuevo \u00e1nimo.<\/em><\/p>\n<p><strong>\u00cdndice:<\/strong><\/p>\n<p>Juan Cris\u00f3stomo (344-407)<\/p>\n<p><em>El valiente obispo<\/em><\/p>\n<p>John Brown (1722-1787)<\/p>\n<p><em>El vaquero que lleg\u00f3 a ser comentarista<\/em><\/p>\n<p>Charles Simeon\u00a0(mediados de los 1700s-1836)<\/p>\n<p><em>Un hombre en contacto con Dios<\/em><\/p>\n<p>Henry Martyn (1781-1812)<\/p>\n<p><em>\u00bfDemasiado joven para morir?<\/em><\/p>\n<p>Helen Ewan\u00a0(principios de los 1900s)<\/p>\n<p><em>Una vida fragante<\/em><\/p>\n<p>Edward Payson (1783-1827)<\/p>\n<p><em>Descubri\u00f3 el secreto de ser nada<\/em><\/p>\n<p>James Turner (1818-1862)<\/p>\n<p><em>El pescador de Dios<\/em><\/p>\n<p>Thomas Waring (1800&#8217;s)<\/p>\n<p><em>Los a\u00f1os silenciosos<\/em><\/p>\n<p>Anthony Norris Groves (1795-1853)<\/p>\n<p><em>Pionero en los principios apost\u00f3licos<\/em><\/p>\n<p>Mary Bethia Groves\u00a0(principios de los 1880s)<\/p>\n<p><em>La una vez reacia misionera<\/em><\/p>\n<p>William Wilberforce (1759-1837)<\/p>\n<p><em>Un rico pol\u00edtico llamado a ser profeta de Dios<\/em><\/p>\n<p>John Pierpont\u00a0(primera mitad de los 1880s)<\/p>\n<p><em>Dios recompensa a Su valiente profeta<\/em><\/p>\n<p>Johann Christoph Blumhardt\u00a0(1805-1889)<\/p>\n<p><em>El pastor alem\u00e1n que desafi\u00f3 a los diablos<\/em><\/p>\n<p>E. M. Bounds (1835-1913)<\/p>\n<p><em>\u00c9l oraba mientras otros dorm\u00eda<\/em><\/p>\n<p>&nbsp;<\/p>\n","protected":false},"excerpt":{"rendered":"<p>&nbsp;<\/p>\n<p>&nbsp;<\/p>\n","protected":false},"featured_media":1342,"comment_status":"open","ping_status":"closed","template":"","meta":{"jetpack_post_was_ever_published":false,"jetpack_publicize_message":"","jetpack_publicize_feature_enabled":true,"jetpack_social_post_already_shared":false,"jetpack_social_options":{"image_generator_settings":{"template":"highway","default_image_id":0,"font":"","enabled":false},"version":2}},"product_brand":[],"product_cat":[15,53],"product_tag":[1120,656,1123,1122,1121,877],"class_list":{"0":"post-1341","1":"product","2":"type-product","3":"status-publish","4":"has-post-thumbnail","6":"product_cat-all_books","7":"product_cat-spanish","8":"product_tag-conociendo-a-dios","9":"product_tag-ellos-conocieron-a-su-dios-vol-6","10":"product_tag-john-crysostom","11":"product_tag-santidad","12":"product_tag-viaje-de-fe","13":"product_tag-william-wilberforce","14":"pa_bookauthor-edwin-f-harvey-2","15":"pa_cover-type-paperback","16":"pa_discount-code-1-own-production","17":"pa_number-of-pages-655","19":"first","20":"instock","21":"taxable","22":"shipping-taxable","23":"purchasable","24":"product-type-simple"},"jetpack_publicize_connections":[],"jetpack_sharing_enabled":true,"_links":{"self":[{"href":"https:\/\/harveycp.com\/index.php?rest_route=\/wp\/v2\/product\/1341","targetHints":{"allow":["GET"]}}],"collection":[{"href":"https:\/\/harveycp.com\/index.php?rest_route=\/wp\/v2\/product"}],"about":[{"href":"https:\/\/harveycp.com\/index.php?rest_route=\/wp\/v2\/types\/product"}],"replies":[{"embeddable":true,"href":"https:\/\/harveycp.com\/index.php?rest_route=%2Fwp%2Fv2%2Fcomments&post=1341"}],"wp:featuredmedia":[{"embeddable":true,"href":"https:\/\/harveycp.com\/index.php?rest_route=\/wp\/v2\/media\/1342"}],"wp:attachment":[{"href":"https:\/\/harveycp.com\/index.php?rest_route=%2Fwp%2Fv2%2Fmedia&parent=1341"}],"wp:term":[{"taxonomy":"product_brand","embeddable":true,"href":"https:\/\/harveycp.com\/index.php?rest_route=%2Fwp%2Fv2%2Fproduct_brand&post=1341"},{"taxonomy":"product_cat","embeddable":true,"href":"https:\/\/harveycp.com\/index.php?rest_route=%2Fwp%2Fv2%2Fproduct_cat&post=1341"},{"taxonomy":"product_tag","embeddable":true,"href":"https:\/\/harveycp.com\/index.php?rest_route=%2Fwp%2Fv2%2Fproduct_tag&post=1341"}],"curies":[{"name":"wp","href":"https:\/\/api.w.org\/{rel}","templated":true}]}}